{"id":30647,"date":"2022-04-07T00:00:00","date_gmt":"2022-04-07T00:00:00","guid":{"rendered":"https:\/\/sicodeandres.es\/formacion\/home\/"},"modified":"2022-05-17T11:57:42","modified_gmt":"2022-05-17T11:57:42","slug":"libro-link-building-etico-de-sico-de-andres","status":"publish","type":"page","link":"https:\/\/sicodeandres.es\/formacion\/libro-link-building-etico-de-sico-de-andres\/","title":{"rendered":"Libro link building \u00e9tico de Sico de Andr\u00e9s"},"content":{"rendered":"\n\n\n\n\n\n\n\n\n\n\n<h1>Libro link building \u00e9tico de Sico de Andr\u00e9s<\/h1>\n\n\n\n\n\n\n\n<h2>Posicionamiento y Reputaci\u00f3n en Google<br><span style=\"font-weight:300 !important;\">A Trav\u00e9s de Link Building \u00c9tico<\/span><\/h2>\n\n\n\n\n\n<p style=\"text-align: right; \"><span style=\"font-size: 20px; color: rgb(255, 255, 255);\"><strong style=\"line-height: 1;\">LOREM CORPORATE CEO<\/strong><\/span><\/p><p style=\"text-align: center;\"><span style=\"color: rgb(255, 255, 255);\">Duis aute irure dolor in reprehenderit in voluptate velit esse cillum dolore eu fugiat nulla pariatur. Excepteur sint occaecat cupidatat non proident, sunt in culpa qui officia deserunt mollit anim id est laborum.<\/span><\/p><p style=\"text-align: left;\"><sign>&nbsp; &nbsp; &nbsp; <span style=\"line-height: 2.0;\">Benn Marshall<\/span><\/sign><\/p>\n\n\n\n<strong>Posicionamiento y reputaci\u00f3n en Google a trav\u00e9s de link building \u00e9tico \u2013 Lanzamiento \u2013 12 mayo 2022<\/strong> <img decoding=\"async\" draggable=\"false\" role=\"img\" class=\"emoji\" alt=\"\ud83d\ude09\" src=\"https:\/\/s.w.org\/images\/core\/emoji\/13.1.0\/svg\/1f609.svg\">\n\n\nEl link building \u00e9tico, las relaciones p\u00fablicas digitales y la reputaci\u00f3n online juegan un papel cada vez m\u00e1s importante en el posicionamiento de una marca en buscadores y en el mensaje que esta trasmite a su p\u00fablico.\n\n\nHoy en d\u00eda la primera puerta de entrada de clientes a un negocio, incluso a los negocios f\u00edsicos, no est\u00e1 en la calle, sino en los buscadores. Estos diferencian una marca relevante de una a la que nadie conoce, a trav\u00e9s de los enlaces que esta recibe. Construir relaciones s\u00f3lidas con periodistas, bloggers e influencers ser\u00e1 clave.\n\n\n\n<strong>Sico de Andr\u00e9s ha volcado en este libro todo el conocimiento que ha adquirido en sus m\u00e1s de 20 a\u00f1os de experiencia trabajando para grandes compa\u00f1\u00edas multinacionales.<\/strong> Te acompa\u00f1ar\u00e1 en este viaje utilizando un lenguaje cercano y sencillo, analog\u00edas, ejemplos pr\u00e1cticos y sentido del humor.\n\n\n\n\n\n\n\n\n<h3>\u00bfPara qui\u00e9n est\u00e1 escrito? <img decoding=\"async\" draggable=\"false\" role=\"img\" class=\"emoji\" alt=\"\ud83d\ude0d\" src=\"https:\/\/s.w.org\/images\/core\/emoji\/13.1.0\/svg\/1f60d.svg\"><\/h3>\n\n\n<p><strong>Escrito para alguien que quiera mejorar su posicionamiento en buscadores a trav\u00e9s del link building \u00e9tico o para quien est\u00e9 pensando en contratar este tipo de servicios a terceros<\/strong>, este libro te ense\u00f1ar\u00e1 a detectar a tiempo una crisis de reputaci\u00f3n online, medir su impacto y trabajar para ponerle soluci\u00f3n. Aprender\u00e1s a definir y ejecutar una completa estrategia de link building paso a paso para convertirte en un referente dentro de tu sector y as\u00ed trasmitir\u00e1s el mensaje adecuado tanto a tus potenciales clientes como a Google.<\/p>\n\n\n\n<h3>D\u00f3nde se puede comprar el libro&#8230;<\/h3>\n\n\nEn Espa\u00f1a el libro se puede adquirir presencialmente en pr\u00e1cticamente cualquier librer\u00eda. Esta es una de las ventajas de que haya sido editado en una colecci\u00f3n tan prestigiosa como la de <a href=\"https:\/\/anayamultimedia.es\/inicio\/\" target=\"blank\" title=\"Social Business de Anaya Multimedia\" rel=\"noopener\"><strong><span style=\"background-color:#00dff3ff; color:#033158ff;\">Social Business de Anaya Multimedia<\/strong><\/span><\/a>.\nPor supuesto tambi\u00e9n puede ser adquirido de forma online en las grandes plataformas, como por ejemplo <a href=\"https:\/\/amzn.to\/3pM4P2S\" target=\"blank\" rel=\"noopener\"><strong><span style=\"background-color:#00dff3ff; color:#033158ff;\">Amazon<\/span><\/strong><\/a>. Ah\u00ed tienes, adem\u00e1s, la posibilidad de adquirirlo en formato electr\u00f3nico, para Kindle, por casi la mitad de precio que la versi\u00f3n en papel.\n\n\n\n\n\n<p style=\"text-align: right; \"><span style=\"font-size: 20px; color: rgb(255, 255, 255);\"><strong style=\"line-height: 1;\">LOREM CORPORATE CEO<\/strong><\/span><\/p><p style=\"text-align: center;\"><span style=\"color: rgb(255, 255, 255);\">Duis aute irure dolor in reprehenderit in voluptate velit esse cillum dolore eu fugiat nulla pariatur. Excepteur sint occaecat cupidatat non proident, sunt in culpa qui officia deserunt mollit anim id est laborum.<\/span><\/p><p style=\"text-align: left;\"><sign>&nbsp; &nbsp; &nbsp; <span style=\"line-height: 2.0;\">Benn Marshall<\/span><\/sign><\/p>\n\n\n\n\n\n\n\n\n\n<h2>Opiniones del Libro<\/h2>\nEst\u00e1 en preventa. As\u00ed que no tenemos opiniones salvo la de <strong>Aleyda Sol\u00eds<\/strong> prologuista del libro.\n\n\n\n\n<h6>Aleyda Sol\u00eds<\/h6>\n<p>Es por ello que cuando Sico me coment\u00f3 que escribir\u00eda un libro sobre \u201cLink Building \u00c9tico\u201d, que fuera pr\u00e1ctico, abordando el proceso de creaci\u00f3n de enlaces de forma realista y actualizada para servir de apoyo en procesos SEO y de reputaci\u00f3n online, no dud\u00e9 en comentarle que pensaba que era una gran idea: Por un lado, debido a la naturaleza del link building, muchos de los recursos relacionados al mismo que se ofrecen a d\u00eda de hoy incluyen t\u00e9cnicas desfasadas y\/o que no siguen las directrices de calidad del buscador, que pueden acarrear m\u00e1s riesgo que beneficio en los resultados del proceso SEO, que al fin y al cabo, es lo que cuenta. Por otro lado, \u00bfQui\u00e9n mejor que Sico en el mundo SEO hispanohablante para ofrecer una visi\u00f3n pr\u00e1ctica y actualizada del link building, con su experiencia y datos del mercado obtenidos gracias a su herramienta? \u00a1Nadie mejor que \u00e9l para escribirlo!<\/p>\n<h6><a href=\"https:\/\/maytesaa.es\/\" target=\"blank\" rel=\"noopener\">maytesaa.es<\/a><\/h6>\n<p>Me quito el sombrero porque has hecho un trabajo de gran calidad, se notan las horas y el esfuerzo que has invertido en ello. Contenido muy bien explicado, pr\u00e1ctico y al grano, digno de convertirse en un manual de consulta para aprender e inspirarse. <\/p>\n\n<p>Me ha gustado mucho conocer tan de cerca el proceso que plateas para desarrollar estrategias de linkbuilding \u00ablimpias\u00bb y compatibles con proyectos de clientes. La mejora del perfil de enlaces sigue siendo un \u00e1rea del SEO muy mal desarrollada por muchos profesionales, que siempre acaban tonteando con t\u00e9cnicas un poco black o simplemente gastando el dinero de sus clientes sin sentido. Tus ideas y pr\u00e1cticas aportan a los proyectos mucho m\u00e1s que simples enlaces. Es algo que siempre intento hacer ver a mis clientes. <\/p>\n\n<p>Te dir\u00e9 que me has inspirado mucho, tengo ya en mente nuevas f\u00f3rmulas para mejorar mis procesos de trabajo. Sobre todo, le has dado un pellizco a la periodista que llevo dentro, para aprovechar mejor mis conocimientos en el desarrollo de estrategias de relaciones p\u00fablicas digitales. <\/p>\n\n<p>Vamos que he aprendido, me he inspirado y me he divertido. Pienso que no se le puede pedir m\u00e1s a un libro as\u00ed que gracias, muchas gracias por compartir tus conocimientos. <\/p>\n<h6><a href=\"https:\/\/producthackers.com\/es\/\" target=\"blank\" rel=\"noopener\">producthackers.com<\/a><\/h6>\n<p>Sico de Andr\u00e9s es uno de los mayores expertos en posicionamiento de negocios en Internet y en este libro da unas claves pr\u00e1cticas para conseguir maximizar la relevancia y posicionamiento de nuestro negocio.<\/p>\n\n<p>F\u00e1cil de leer, aplicable, y con mucho criterio. Es uno de los libros imprescindibles para cualquier persona que se dedique a digital.<\/p>\n\n\n\n\n\n\n\n\n\n","protected":false},"excerpt":{"rendered":"","protected":false},"author":1,"featured_media":30670,"parent":0,"menu_order":0,"comment_status":"closed","ping_status":"closed","template":"","meta":{"pagelayer_contact_templates":[],"_pagelayer_content":"","site-sidebar-layout":"no-sidebar","site-content-layout":"plain-container","ast-site-content-layout":"","site-content-style":"default","site-sidebar-style":"default","ast-global-header-display":"","ast-banner-title-visibility":"","ast-main-header-display":"","ast-hfb-above-header-display":"","ast-hfb-below-header-display":"","ast-hfb-mobile-header-display":"","site-post-title":"disabled","ast-breadcrumbs-content":"","ast-featured-img":"disabled","footer-sml-layout":"","theme-transparent-header-meta":"enabled","adv-header-id-meta":"","stick-header-meta":"","header-above-stick-meta":"","header-main-stick-meta":"","header-below-stick-meta":"","astra-migrate-meta-layouts":"default","ast-page-background-enabled":"default","ast-page-background-meta":{"desktop":{"background-color":"","background-image":"","background-repeat":"repeat","background-position":"center center","background-size":"auto","background-attachment":"scroll","background-type":"","background-media":"","overlay-type":"","overlay-color":"","overlay-opacity":"","overlay-gradient":""},"tablet":{"background-color":"","background-image":"","background-repeat":"repeat","background-position":"center center","background-size":"auto","background-attachment":"scroll","background-type":"","background-media":"","overlay-type":"","overlay-color":"","overlay-opacity":"","overlay-gradient":""},"mobile":{"background-color":"","background-image":"","background-repeat":"repeat","background-position":"center center","background-size":"auto","background-attachment":"scroll","background-type":"","background-media":"","overlay-type":"","overlay-color":"","overlay-opacity":"","overlay-gradient":""}},"ast-content-background-meta":{"desktop":{"background-color":"var(--ast-global-color-5)","background-image":"","background-repeat":"repeat","background-position":"center center","background-size":"auto","background-attachment":"scroll","background-type":"","background-media":"","overlay-type":"","overlay-color":"","overlay-opacity":"","overlay-gradient":""},"tablet":{"background-color":"var(--ast-global-color-5)","background-image":"","background-repeat":"repeat","background-position":"center center","background-size":"auto","background-attachment":"scroll","background-type":"","background-media":"","overlay-type":"","overlay-color":"","overlay-opacity":"","overlay-gradient":""},"mobile":{"background-color":"var(--ast-global-color-5)","background-image":"","background-repeat":"repeat","background-position":"center center","background-size":"auto","background-attachment":"scroll","background-type":"","background-media":"","overlay-type":"","overlay-color":"","overlay-opacity":"","overlay-gradient":""}},"footnotes":""},"class_list":["post-30647","page","type-page","status-publish","has-post-thumbnail","hentry"],"aioseo_notices":[],"_links":{"self":[{"href":"https:\/\/sicodeandres.es\/formacion\/wp-json\/wp\/v2\/pages\/30647","targetHints":{"allow":["GET"]}}],"collection":[{"href":"https:\/\/sicodeandres.es\/formacion\/wp-json\/wp\/v2\/pages"}],"about":[{"href":"https:\/\/sicodeandres.es\/formacion\/wp-json\/wp\/v2\/types\/page"}],"author":[{"embeddable":true,"href":"https:\/\/sicodeandres.es\/formacion\/wp-json\/wp\/v2\/users\/1"}],"replies":[{"embeddable":true,"href":"https:\/\/sicodeandres.es\/formacion\/wp-json\/wp\/v2\/comments?post=30647"}],"version-history":[{"count":43,"href":"https:\/\/sicodeandres.es\/formacion\/wp-json\/wp\/v2\/pages\/30647\/revisions"}],"predecessor-version":[{"id":31240,"href":"https:\/\/sicodeandres.es\/formacion\/wp-json\/wp\/v2\/pages\/30647\/revisions\/31240"}],"wp:featuredmedia":[{"embeddable":true,"href":"https:\/\/sicodeandres.es\/formacion\/wp-json\/wp\/v2\/media\/30670"}],"wp:attachment":[{"href":"https:\/\/sicodeandres.es\/formacion\/wp-json\/wp\/v2\/media?parent=30647"}],"curies":[{"name":"wp","href":"https:\/\/api.w.org\/{rel}","templated":true}]}}